{"id":306,"date":"2025-02-12T13:32:03","date_gmt":"2025-02-12T13:32:03","guid":{"rendered":"https:\/\/www.ajoneuvovarustamo.fi\/?page_id=306"},"modified":"2025-02-12T15:01:22","modified_gmt":"2025-02-12T15:01:22","slug":"laskutustiedot","status":"publish","type":"page","link":"https:\/\/www.ajoneuvovarustamo.fi\/index.php\/laskutustiedot\/","title":{"rendered":"Laskutustiedot"},"content":{"rendered":"\t\t<div data-elementor-type=\"wp-page\" data-elementor-id=\"306\" class=\"elementor elementor-306\" data-elementor-settings=\"{&quot;ha_cmc_init_switcher&quot;:&quot;no&quot;}\">\n\t\t\t\t\t\t<section class=\"elementor-section elementor-top-section elementor-element elementor-element-dbd5efa elementor-section-boxed elementor-section-height-default elementor-section-height-default\" data-id=\"dbd5efa\" data-element_type=\"section\" data-e-type=\"section\" data-settings=\"{&quot;_ha_eqh_enable&quot;:false}\">\n\t\t\t\t\t\t<div class=\"elementor-container elementor-column-gap-default\">\n\t\t\t\t\t<div class=\"elementor-column elementor-col-100 elementor-top-column elementor-element elementor-element-05c2eee\" data-id=\"05c2eee\" data-element_type=\"column\" data-e-type=\"column\">\n\t\t\t<div class=\"elementor-widget-wrap\">\n\t\t\t\t\t\t\t<\/div>\n\t\t<\/div>\n\t\t\t\t\t<\/div>\n\t\t<\/section>\n\t\t\t\t<section class=\"elementor-section elementor-top-section elementor-element elementor-element-fad232a elementor-section-boxed elementor-section-height-default elementor-section-height-default\" data-id=\"fad232a\" data-element_type=\"section\" data-e-type=\"section\" data-settings=\"{&quot;_ha_eqh_enable&quot;:false}\">\n\t\t\t\t\t\t<div class=\"elementor-container elementor-column-gap-default\">\n\t\t\t\t\t<div class=\"elementor-column elementor-col-100 elementor-top-column elementor-element elementor-element-7a03df5\" data-id=\"7a03df5\" data-element_type=\"column\" data-e-type=\"column\">\n\t\t\t<div class=\"elementor-widget-wrap elementor-element-populated\">\n\t\t\t\t\t\t<div class=\"elementor-element elementor-element-fda300e elementor-widget elementor-widget-heading\" data-id=\"fda300e\" data-element_type=\"widget\" data-e-type=\"widget\" data-widget_type=\"heading.default\">\n\t\t\t\t<div class=\"elementor-widget-container\">\n\t\t\t\t\t<h1 class=\"elementor-heading-title elementor-size-default\">Laskutustiedot<\/h1>\t\t\t\t<\/div>\n\t\t\t\t<\/div>\n\t\t\t\t<div class=\"elementor-element elementor-element-5737c82 elementor-widget elementor-widget-text-editor\" data-id=\"5737c82\" data-element_type=\"widget\" data-e-type=\"widget\" data-widget_type=\"text-editor.default\">\n\t\t\t\t<div class=\"elementor-widget-container\">\n\t\t\t\t\t\t\t\t\t<p><strong>Verkkolaskuosoitteemme ovat:<\/strong><\/p><p>Operaattori: Apix Messaging (003723327487)<br \/>Verkkolaskuosoite: 003728163899<br \/>OVT-tunnus: 003728163899<\/p><p>Huomioittehan, ett\u00e4 mik\u00e4li k\u00e4yt\u00f6ss\u00e4nne on jokin seuraavista operaattoreista verkkolaskun l\u00e4hett\u00e4miseen: Handelsbanken tai Paikallisosuuspankit, tulee teid\u00e4n k\u00e4ytt\u00e4\u00e4 Apixin verkkolaskuosoitteenamme seuraavaa osoitetta:<\/p><p>verkkolaskuosoite: 003723327487 ja operaattoritunnus: DABAFIHH.<\/p><p>Mik\u00e4li ette voi l\u00e4hett\u00e4\u00e4 verkkolaskuja, pyyd\u00e4mme l\u00e4hett\u00e4m\u00e4\u00e4n laskut ostolaskujen skannauspalveluun.<\/p><p><strong>S\u00e4hk\u00f6postiskannauksen osoite:<\/strong><\/p><p>003728163899@procountor.apix.fi<\/p><p>L\u00e4hetett\u00e4v\u00e4 lasku tulee olla s\u00e4hk\u00f6postin liitteen\u00e4 PDF-tiedostona. Yhdell\u00e4 s\u00e4hk\u00f6postilla ja sen liitteiss\u00e4 saa olla vain yksi lasku. Jos s\u00e4hk\u00f6posti sis\u00e4lt\u00e4\u00e4 laskun lis\u00e4ksi muita liitetiedostoja, lis\u00e4t\u00e4\u00e4n ne laskun liitteiksi. Liitetiedostojen maksimikoko on 2 mb. L\u00e4hetyksen j\u00e4lkeen palvelusta tulee joko hyv\u00e4ksynt\u00e4- tai hylk\u00e4ysilmoitus s\u00e4hk\u00f6postilla l\u00e4hetysosoitteeseen 15 minuutin kuluessa l\u00e4hetyksest\u00e4.<\/p><p><strong>Paperilaskujen skannauksen osoite:<\/strong><\/p><p>VM-Trading Oy (Apix skannauspalvelu)<\/p><p>PL 16112<\/p><p>00021 LASKUTUS<\/p><p>Jotta skannauspalvelu voi kohdistaa laskunne, tulee t\u00e4m\u00e4 laskutusosoite tulostaa my\u00f6s itse laskuun, eik\u00e4 pelk\u00e4st\u00e4\u00e4n kirjekuoreen. T\u00e4h\u00e4n laskutusosoitteeseen ei tule l\u00e4hett\u00e4\u00e4 muuta materiaalia kuin laskuja, eli esimerkiksi tiedotusten ja markkinointimateriaalin postiosoite pysyy ennallaan.<\/p><p>Yst\u00e4v\u00e4llisin terveisin<\/p><p>VM-Trading Oy<\/p>\t\t\t\t\t\t\t\t<\/div>\n\t\t\t\t<\/div>\n\t\t\t\t\t<\/div>\n\t\t<\/div>\n\t\t\t\t\t<\/div>\n\t\t<\/section>\n\t\t\t\t<\/div>\n\t\t","protected":false},"excerpt":{"rendered":"<p>Laskutustiedot Verkkolaskuosoitteemme ovat: Operaattori: Apix Messaging (003723327487)Verkkolaskuosoite: 003728163899OVT-tunnus: 003728163899 Huomioittehan, ett\u00e4 mik\u00e4li k\u00e4yt\u00f6ss\u00e4nne on jokin seuraavista operaattoreista verkkolaskun l\u00e4hett\u00e4miseen: Handelsbanken tai Paikallisosuuspankit, tulee teid\u00e4n k\u00e4ytt\u00e4\u00e4 Apixin verkkolaskuosoitteenamme seuraavaa osoitetta: verkkolaskuosoite: 003723327487 ja operaattoritunnus: DABAFIHH. Mik\u00e4li ette voi l\u00e4hett\u00e4\u00e4 verkkolaskuja, pyyd\u00e4mme l\u00e4hett\u00e4m\u00e4\u00e4n laskut ostolaskujen skannauspalveluun. S\u00e4hk\u00f6postiskannauksen osoite: 003728163899@procountor.apix.fi L\u00e4hetett\u00e4v\u00e4 lasku tulee olla s\u00e4hk\u00f6postin liitteen\u00e4 PDF-tiedostona. Yhdell\u00e4 [&hellip;]<\/p>\n","protected":false},"author":1,"featured_media":0,"parent":0,"menu_order":0,"comment_status":"closed","ping_status":"closed","template":"elementor_header_footer","meta":{"footnotes":""},"class_list":["post-306","page","type-page","status-publish","hentry","entry"],"yoast_head":"<!-- This site is optimized with the Yoast SEO plugin v27.5 - https:\/\/yoast.com\/product\/yoast-seo-wordpress\/ -->\n<title>Laskutustiedot - Ajoneuvovarustamo - VM-Trading Oy<\/title>\n<meta name=\"robots\" content=\"index, follow, max-snippet:-1, max-image-preview:large, max-video-preview:-1\" \/>\n<link rel=\"canonical\" href=\"https:\/\/www.ajoneuvovarustamo.fi\/index.php\/laskutustiedot\/\" \/>\n<meta property=\"og:locale\" content=\"fi_FI\" \/>\n<meta property=\"og:type\" content=\"article\" \/>\n<meta property=\"og:title\" content=\"Laskutustiedot - Ajoneuvovarustamo - VM-Trading Oy\" \/>\n<meta property=\"og:description\" content=\"Laskutustiedot Verkkolaskuosoitteemme ovat: Operaattori: Apix Messaging (003723327487)Verkkolaskuosoite: 003728163899OVT-tunnus: 003728163899 Huomioittehan, ett\u00e4 mik\u00e4li k\u00e4yt\u00f6ss\u00e4nne on jokin seuraavista operaattoreista verkkolaskun l\u00e4hett\u00e4miseen: Handelsbanken tai Paikallisosuuspankit, tulee teid\u00e4n k\u00e4ytt\u00e4\u00e4 Apixin verkkolaskuosoitteenamme seuraavaa osoitetta: verkkolaskuosoite: 003723327487 ja operaattoritunnus: DABAFIHH. Mik\u00e4li ette voi l\u00e4hett\u00e4\u00e4 verkkolaskuja, pyyd\u00e4mme l\u00e4hett\u00e4m\u00e4\u00e4n laskut ostolaskujen skannauspalveluun. S\u00e4hk\u00f6postiskannauksen osoite: 003728163899@procountor.apix.fi L\u00e4hetett\u00e4v\u00e4 lasku tulee olla s\u00e4hk\u00f6postin liitteen\u00e4 PDF-tiedostona. Yhdell\u00e4 [&hellip;]\" \/>\n<meta property=\"og:url\" content=\"https:\/\/www.ajoneuvovarustamo.fi\/index.php\/laskutustiedot\/\" \/>\n<meta property=\"og:site_name\" content=\"Ajoneuvovarustamo - VM-Trading Oy\" \/>\n<meta property=\"article:modified_time\" content=\"2025-02-12T15:01:22+00:00\" \/>\n<meta name=\"twitter:card\" content=\"summary_large_image\" \/>\n<meta name=\"twitter:label1\" content=\"Arvioitu lukuaika\" \/>\n\t<meta name=\"twitter:data1\" content=\"1 minuutti\" \/>\n<script type=\"application\/ld+json\" class=\"yoast-schema-graph\">{\"@context\":\"https:\\\/\\\/schema.org\",\"@graph\":[{\"@type\":\"WebPage\",\"@id\":\"https:\\\/\\\/www.ajoneuvovarustamo.fi\\\/index.php\\\/laskutustiedot\\\/\",\"url\":\"https:\\\/\\\/www.ajoneuvovarustamo.fi\\\/index.php\\\/laskutustiedot\\\/\",\"name\":\"Laskutustiedot - Ajoneuvovarustamo - VM-Trading Oy\",\"isPartOf\":{\"@id\":\"https:\\\/\\\/www.ajoneuvovarustamo.fi\\\/#website\"},\"datePublished\":\"2025-02-12T13:32:03+00:00\",\"dateModified\":\"2025-02-12T15:01:22+00:00\",\"breadcrumb\":{\"@id\":\"https:\\\/\\\/www.ajoneuvovarustamo.fi\\\/index.php\\\/laskutustiedot\\\/#breadcrumb\"},\"inLanguage\":\"fi\",\"potentialAction\":[{\"@type\":\"ReadAction\",\"target\":[\"https:\\\/\\\/www.ajoneuvovarustamo.fi\\\/index.php\\\/laskutustiedot\\\/\"]}]},{\"@type\":\"BreadcrumbList\",\"@id\":\"https:\\\/\\\/www.ajoneuvovarustamo.fi\\\/index.php\\\/laskutustiedot\\\/#breadcrumb\",\"itemListElement\":[{\"@type\":\"ListItem\",\"position\":1,\"name\":\"Etusivu\",\"item\":\"https:\\\/\\\/www.ajoneuvovarustamo.fi\\\/\"},{\"@type\":\"ListItem\",\"position\":2,\"name\":\"Laskutustiedot\"}]},{\"@type\":\"WebSite\",\"@id\":\"https:\\\/\\\/www.ajoneuvovarustamo.fi\\\/#website\",\"url\":\"https:\\\/\\\/www.ajoneuvovarustamo.fi\\\/\",\"name\":\"Ajoneuvovarustamo - VM-Trading Oy\",\"description\":\"Jatko-ohjaamo varustelut omien valintojesi mukaan\",\"publisher\":{\"@id\":\"https:\\\/\\\/www.ajoneuvovarustamo.fi\\\/#organization\"},\"potentialAction\":[{\"@type\":\"SearchAction\",\"target\":{\"@type\":\"EntryPoint\",\"urlTemplate\":\"https:\\\/\\\/www.ajoneuvovarustamo.fi\\\/?s={search_term_string}\"},\"query-input\":{\"@type\":\"PropertyValueSpecification\",\"valueRequired\":true,\"valueName\":\"search_term_string\"}}],\"inLanguage\":\"fi\"},{\"@type\":\"Organization\",\"@id\":\"https:\\\/\\\/www.ajoneuvovarustamo.fi\\\/#organization\",\"name\":\"Ajoneuvovarustamo - VM-Trading Oy\",\"url\":\"https:\\\/\\\/www.ajoneuvovarustamo.fi\\\/\",\"logo\":{\"@type\":\"ImageObject\",\"inLanguage\":\"fi\",\"@id\":\"https:\\\/\\\/www.ajoneuvovarustamo.fi\\\/#\\\/schema\\\/logo\\\/image\\\/\",\"url\":\"https:\\\/\\\/www.ajoneuvovarustamo.fi\\\/wp-content\\\/uploads\\\/2021\\\/12\\\/cropped-vmlogo.png\",\"contentUrl\":\"https:\\\/\\\/www.ajoneuvovarustamo.fi\\\/wp-content\\\/uploads\\\/2021\\\/12\\\/cropped-vmlogo.png\",\"width\":407,\"height\":225,\"caption\":\"Ajoneuvovarustamo - VM-Trading Oy\"},\"image\":{\"@id\":\"https:\\\/\\\/www.ajoneuvovarustamo.fi\\\/#\\\/schema\\\/logo\\\/image\\\/\"}}]}<\/script>\n<!-- \/ Yoast SEO plugin. -->","yoast_head_json":{"title":"Laskutustiedot - Ajoneuvovarustamo - VM-Trading Oy","robots":{"index":"index","follow":"follow","max-snippet":"max-snippet:-1","max-image-preview":"max-image-preview:large","max-video-preview":"max-video-preview:-1"},"canonical":"https:\/\/www.ajoneuvovarustamo.fi\/index.php\/laskutustiedot\/","og_locale":"fi_FI","og_type":"article","og_title":"Laskutustiedot - Ajoneuvovarustamo - VM-Trading Oy","og_description":"Laskutustiedot Verkkolaskuosoitteemme ovat: Operaattori: Apix Messaging (003723327487)Verkkolaskuosoite: 003728163899OVT-tunnus: 003728163899 Huomioittehan, ett\u00e4 mik\u00e4li k\u00e4yt\u00f6ss\u00e4nne on jokin seuraavista operaattoreista verkkolaskun l\u00e4hett\u00e4miseen: Handelsbanken tai Paikallisosuuspankit, tulee teid\u00e4n k\u00e4ytt\u00e4\u00e4 Apixin verkkolaskuosoitteenamme seuraavaa osoitetta: verkkolaskuosoite: 003723327487 ja operaattoritunnus: DABAFIHH. Mik\u00e4li ette voi l\u00e4hett\u00e4\u00e4 verkkolaskuja, pyyd\u00e4mme l\u00e4hett\u00e4m\u00e4\u00e4n laskut ostolaskujen skannauspalveluun. S\u00e4hk\u00f6postiskannauksen osoite: 003728163899@procountor.apix.fi L\u00e4hetett\u00e4v\u00e4 lasku tulee olla s\u00e4hk\u00f6postin liitteen\u00e4 PDF-tiedostona. Yhdell\u00e4 [&hellip;]","og_url":"https:\/\/www.ajoneuvovarustamo.fi\/index.php\/laskutustiedot\/","og_site_name":"Ajoneuvovarustamo - VM-Trading Oy","article_modified_time":"2025-02-12T15:01:22+00:00","twitter_card":"summary_large_image","twitter_misc":{"Arvioitu lukuaika":"1 minuutti"},"schema":{"@context":"https:\/\/schema.org","@graph":[{"@type":"WebPage","@id":"https:\/\/www.ajoneuvovarustamo.fi\/index.php\/laskutustiedot\/","url":"https:\/\/www.ajoneuvovarustamo.fi\/index.php\/laskutustiedot\/","name":"Laskutustiedot - Ajoneuvovarustamo - VM-Trading Oy","isPartOf":{"@id":"https:\/\/www.ajoneuvovarustamo.fi\/#website"},"datePublished":"2025-02-12T13:32:03+00:00","dateModified":"2025-02-12T15:01:22+00:00","breadcrumb":{"@id":"https:\/\/www.ajoneuvovarustamo.fi\/index.php\/laskutustiedot\/#breadcrumb"},"inLanguage":"fi","potentialAction":[{"@type":"ReadAction","target":["https:\/\/www.ajoneuvovarustamo.fi\/index.php\/laskutustiedot\/"]}]},{"@type":"BreadcrumbList","@id":"https:\/\/www.ajoneuvovarustamo.fi\/index.php\/laskutustiedot\/#breadcrumb","itemListElement":[{"@type":"ListItem","position":1,"name":"Etusivu","item":"https:\/\/www.ajoneuvovarustamo.fi\/"},{"@type":"ListItem","position":2,"name":"Laskutustiedot"}]},{"@type":"WebSite","@id":"https:\/\/www.ajoneuvovarustamo.fi\/#website","url":"https:\/\/www.ajoneuvovarustamo.fi\/","name":"Ajoneuvovarustamo - VM-Trading Oy","description":"Jatko-ohjaamo varustelut omien valintojesi mukaan","publisher":{"@id":"https:\/\/www.ajoneuvovarustamo.fi\/#organization"},"potentialAction":[{"@type":"SearchAction","target":{"@type":"EntryPoint","urlTemplate":"https:\/\/www.ajoneuvovarustamo.fi\/?s={search_term_string}"},"query-input":{"@type":"PropertyValueSpecification","valueRequired":true,"valueName":"search_term_string"}}],"inLanguage":"fi"},{"@type":"Organization","@id":"https:\/\/www.ajoneuvovarustamo.fi\/#organization","name":"Ajoneuvovarustamo - VM-Trading Oy","url":"https:\/\/www.ajoneuvovarustamo.fi\/","logo":{"@type":"ImageObject","inLanguage":"fi","@id":"https:\/\/www.ajoneuvovarustamo.fi\/#\/schema\/logo\/image\/","url":"https:\/\/www.ajoneuvovarustamo.fi\/wp-content\/uploads\/2021\/12\/cropped-vmlogo.png","contentUrl":"https:\/\/www.ajoneuvovarustamo.fi\/wp-content\/uploads\/2021\/12\/cropped-vmlogo.png","width":407,"height":225,"caption":"Ajoneuvovarustamo - VM-Trading Oy"},"image":{"@id":"https:\/\/www.ajoneuvovarustamo.fi\/#\/schema\/logo\/image\/"}}]}},"_links":{"self":[{"href":"https:\/\/www.ajoneuvovarustamo.fi\/index.php\/wp-json\/wp\/v2\/pages\/306","targetHints":{"allow":["GET"]}}],"collection":[{"href":"https:\/\/www.ajoneuvovarustamo.fi\/index.php\/wp-json\/wp\/v2\/pages"}],"about":[{"href":"https:\/\/www.ajoneuvovarustamo.fi\/index.php\/wp-json\/wp\/v2\/types\/page"}],"author":[{"embeddable":true,"href":"https:\/\/www.ajoneuvovarustamo.fi\/index.php\/wp-json\/wp\/v2\/users\/1"}],"replies":[{"embeddable":true,"href":"https:\/\/www.ajoneuvovarustamo.fi\/index.php\/wp-json\/wp\/v2\/comments?post=306"}],"version-history":[{"count":7,"href":"https:\/\/www.ajoneuvovarustamo.fi\/index.php\/wp-json\/wp\/v2\/pages\/306\/revisions"}],"predecessor-version":[{"id":381,"href":"https:\/\/www.ajoneuvovarustamo.fi\/index.php\/wp-json\/wp\/v2\/pages\/306\/revisions\/381"}],"wp:attachment":[{"href":"https:\/\/www.ajoneuvovarustamo.fi\/index.php\/wp-json\/wp\/v2\/media?parent=306"}],"curies":[{"name":"wp","href":"https:\/\/api.w.org\/{rel}","templated":true}]}}